{"id":27,"date":"2025-12-28T16:35:41","date_gmt":"2025-12-28T15:35:41","guid":{"rendered":"https:\/\/jasmin.zitcloud.ch\/?page_id=27"},"modified":"2026-02-01T11:45:00","modified_gmt":"2026-02-01T10:45:00","slug":"ablauf-der-hochzeit","status":"publish","type":"page","link":"https:\/\/hochzeit-david-jasmin-2026.ch\/?page_id=27","title":{"rendered":"Ablauf der Hochzeit"},"content":{"rendered":"\t\t<div data-elementor-type=\"wp-page\" data-elementor-id=\"27\" class=\"elementor elementor-27\">\n\t\t\t\t<div class=\"elementor-element elementor-element-72774277 e-flex e-con-boxed e-con e-parent\" data-id=\"72774277\" data-element_type=\"container\" data-e-type=\"container\">\n\t\t\t\t\t<div class=\"e-con-inner\">\n\t\t\t\t<div class=\"elementor-element elementor-element-7650367 elementor-widget elementor-widget-image\" data-id=\"7650367\" data-element_type=\"widget\" data-e-type=\"widget\" data-widget_type=\"image.default\">\n\t\t\t\t\t\t\t\t\t\t\t\t\t\t\t<img fetchpriority=\"high\" decoding=\"async\" width=\"500\" height=\"500\" src=\"https:\/\/hochzeit-david-jasmin-2026.ch\/wp-content\/uploads\/2026\/02\/HL_02.png\" class=\"attachment-large size-large wp-image-328\" alt=\"\" srcset=\"https:\/\/hochzeit-david-jasmin-2026.ch\/wp-content\/uploads\/2026\/02\/HL_02.png 500w, https:\/\/hochzeit-david-jasmin-2026.ch\/wp-content\/uploads\/2026\/02\/HL_02-300x300.png 300w, https:\/\/hochzeit-david-jasmin-2026.ch\/wp-content\/uploads\/2026\/02\/HL_02-150x150.png 150w, https:\/\/hochzeit-david-jasmin-2026.ch\/wp-content\/uploads\/2026\/02\/HL_02-140x140.png 140w, https:\/\/hochzeit-david-jasmin-2026.ch\/wp-content\/uploads\/2026\/02\/HL_02-50x50.png 50w, https:\/\/hochzeit-david-jasmin-2026.ch\/wp-content\/uploads\/2026\/02\/HL_02-80x80.png 80w\" sizes=\"(max-width: 500px) 100vw, 500px\" \/>\t\t\t\t\t\t\t\t\t\t\t\t\t\t\t<\/div>\n\t\t<div class=\"elementor-element elementor-element-3ad60a2 e-con-full e-flex e-con e-child\" data-id=\"3ad60a2\" data-element_type=\"container\" data-e-type=\"container\">\n\t\t\t\t<div class=\"elementor-element elementor-element-087dd7c elementor-widget elementor-widget-heading\" data-id=\"087dd7c\" data-element_type=\"widget\" data-e-type=\"widget\" data-widget_type=\"heading.default\">\n\t\t\t\t\t<h2 class=\"elementor-heading-title elementor-size-default\">Zeitablauf<\/h2>\t\t\t\t<\/div>\n\t\t\t\t<\/div>\n\t\t\t\t<div class=\"elementor-element elementor-element-64137c2 elementor-widget elementor-widget-text-editor\" data-id=\"64137c2\" data-element_type=\"widget\" data-e-type=\"widget\" data-widget_type=\"text-editor.default\">\n\t\t\t\t\t\t\t\t\t<p>13:30 &#8211; Eintreffen der G\u00e4ste<\/p>\n<p>14:00 &#8211; Beginn Trauung<\/p>\n<p>15:00 &#8211; 18:00 &#8211; Ap\u00e9ro und Foto&#8217;s<\/p>\n<p>Ab 18:15 Beginn Abendessen<\/p>\n<p>* der Ablauf wird zu einem sp\u00e4teren Zeitpunkt noch genauer definiert&nbsp;<\/p>\n<p><!-- \/wp:paragraph --><!-- wp:paragraph --><\/p>\n<p><!-- \/wp:paragraph --><!-- wp:paragraph --><\/p>\n<p><\/p>\n<p><!-- \/wp:paragraph --><!-- wp:paragraph --><\/p>\n<p><!-- \/wp:paragraph --><!-- wp:paragraph --><\/p>\n<p><!-- \/wp:paragraph --><!-- wp:paragraph --><\/p>\n<p><!-- \/wp:paragraph --><\/p>\t\t\t\t\t\t\t\t<\/div>\n\t\t\t\t\t<\/div>\n\t\t\t\t<\/div>\n\t\t\t\t<\/div>\n\t\t","protected":false},"excerpt":{"rendered":"<p>Zeitablauf 13:30 &#8211; Eintreffen der G\u00e4ste 14:00 &#8211; Beginn Trauung 15:00 &#8211; 18:00 &#8211; Ap\u00e9ro und Foto&#8217;s Ab 18:15 Beginn Abendessen * der Ablauf wird zu einem sp\u00e4teren Zeitpunkt noch<\/p>\n<p class=\"more-link\"><a href=\"https:\/\/hochzeit-david-jasmin-2026.ch\/?page_id=27\" class=\"readmore\">Continue reading<svg class=\"icon icon-arrow-right\" aria-hidden=\"true\" role=\"img\"> <use href=\"#icon-arrow-right\" xlink:href=\"#icon-arrow-right\"><\/use> <\/svg><span class=\"screen-reader-text\">Ablauf der Hochzeit<\/span><\/a><\/p>\n","protected":false},"author":2,"featured_media":0,"parent":0,"menu_order":0,"comment_status":"closed","ping_status":"closed","template":"","meta":{"footnotes":""},"class_list":["post-27","page","type-page","status-publish","hentry"],"_links":{"self":[{"href":"https:\/\/hochzeit-david-jasmin-2026.ch\/index.php?rest_route=\/wp\/v2\/pages\/27","targetHints":{"allow":["GET"]}}],"collection":[{"href":"https:\/\/hochzeit-david-jasmin-2026.ch\/index.php?rest_route=\/wp\/v2\/pages"}],"about":[{"href":"https:\/\/hochzeit-david-jasmin-2026.ch\/index.php?rest_route=\/wp\/v2\/types\/page"}],"author":[{"embeddable":true,"href":"https:\/\/hochzeit-david-jasmin-2026.ch\/index.php?rest_route=\/wp\/v2\/users\/2"}],"replies":[{"embeddable":true,"href":"https:\/\/hochzeit-david-jasmin-2026.ch\/index.php?rest_route=%2Fwp%2Fv2%2Fcomments&post=27"}],"version-history":[{"count":37,"href":"https:\/\/hochzeit-david-jasmin-2026.ch\/index.php?rest_route=\/wp\/v2\/pages\/27\/revisions"}],"predecessor-version":[{"id":350,"href":"https:\/\/hochzeit-david-jasmin-2026.ch\/index.php?rest_route=\/wp\/v2\/pages\/27\/revisions\/350"}],"wp:attachment":[{"href":"https:\/\/hochzeit-david-jasmin-2026.ch\/index.php?rest_route=%2Fwp%2Fv2%2Fmedia&parent=27"}],"curies":[{"name":"wp","href":"https:\/\/api.w.org\/{rel}","templated":true}]}}