{"id":176,"date":"2026-01-04T16:57:56","date_gmt":"2026-01-04T15:57:56","guid":{"rendered":"https:\/\/jasmin.zitcloud.ch\/?page_id=176"},"modified":"2026-01-08T21:53:29","modified_gmt":"2026-01-08T20:53:29","slug":"herzlich-willkommen","status":"publish","type":"page","link":"https:\/\/hochzeit-david-jasmin-2026.ch\/","title":{"rendered":"Herzlich Willkommen"},"content":{"rendered":"\t\t<div data-elementor-type=\"wp-page\" data-elementor-id=\"176\" class=\"elementor elementor-176\">\n\t\t\t\t<div class=\"elementor-element elementor-element-71724a6 e-flex e-con-boxed e-con e-parent\" data-id=\"71724a6\" data-element_type=\"container\" data-e-type=\"container\">\n\t\t\t\t\t<div class=\"e-con-inner\">\n\t\t\t\t<div class=\"elementor-element elementor-element-29ccd83 elementor-widget elementor-widget-text-editor\" data-id=\"29ccd83\" data-element_type=\"widget\" data-e-type=\"widget\" data-widget_type=\"text-editor.default\">\n\t\t\t\t\t\t\t\t\t<p>Liebe G\u00e4ste,<\/p><p><!-- \/wp:paragraph --><!-- wp:paragraph --><\/p><p>Wir freuen uns euch auf unserer Seite begr\u00fcssen zu k\u00f6nnen hier findet ihr alle wichtigen Info&#8217;s zu unserer Hochzeit und k\u00f6nnt euch anmelden. Wir freuen uns mit euch am Freitag, 28. August 2026 unseren Tag zu feiern.<\/p>\t\t\t\t\t\t\t\t<\/div>\n\t\t\t\t\t<\/div>\n\t\t\t\t<\/div>\n\t\t\t\t<\/div>\n\t\t","protected":false},"excerpt":{"rendered":"<p>Liebe G\u00e4ste, Wir freuen uns euch auf unserer Seite begr\u00fcssen zu k\u00f6nnen hier findet ihr alle wichtigen Info&#8217;s zu unserer Hochzeit und k\u00f6nnt euch anmelden. Wir freuen uns mit euch<\/p>\n<p class=\"more-link\"><a href=\"https:\/\/hochzeit-david-jasmin-2026.ch\/\" class=\"readmore\">Continue reading<svg class=\"icon icon-arrow-right\" aria-hidden=\"true\" role=\"img\"> <use href=\"#icon-arrow-right\" xlink:href=\"#icon-arrow-right\"><\/use> <\/svg><span class=\"screen-reader-text\">Herzlich Willkommen<\/span><\/a><\/p>\n","protected":false},"author":2,"featured_media":0,"parent":0,"menu_order":0,"comment_status":"closed","ping_status":"closed","template":"","meta":{"footnotes":""},"class_list":["post-176","page","type-page","status-publish","hentry"],"_links":{"self":[{"href":"https:\/\/hochzeit-david-jasmin-2026.ch\/index.php?rest_route=\/wp\/v2\/pages\/176","targetHints":{"allow":["GET"]}}],"collection":[{"href":"https:\/\/hochzeit-david-jasmin-2026.ch\/index.php?rest_route=\/wp\/v2\/pages"}],"about":[{"href":"https:\/\/hochzeit-david-jasmin-2026.ch\/index.php?rest_route=\/wp\/v2\/types\/page"}],"author":[{"embeddable":true,"href":"https:\/\/hochzeit-david-jasmin-2026.ch\/index.php?rest_route=\/wp\/v2\/users\/2"}],"replies":[{"embeddable":true,"href":"https:\/\/hochzeit-david-jasmin-2026.ch\/index.php?rest_route=%2Fwp%2Fv2%2Fcomments&post=176"}],"version-history":[{"count":10,"href":"https:\/\/hochzeit-david-jasmin-2026.ch\/index.php?rest_route=\/wp\/v2\/pages\/176\/revisions"}],"predecessor-version":[{"id":268,"href":"https:\/\/hochzeit-david-jasmin-2026.ch\/index.php?rest_route=\/wp\/v2\/pages\/176\/revisions\/268"}],"wp:attachment":[{"href":"https:\/\/hochzeit-david-jasmin-2026.ch\/index.php?rest_route=%2Fwp%2Fv2%2Fmedia&parent=176"}],"curies":[{"name":"wp","href":"https:\/\/api.w.org\/{rel}","templated":true}]}}